{"id":1233,"date":"2025-04-21T15:08:27","date_gmt":"2025-04-21T15:08:27","guid":{"rendered":"https:\/\/acolop.net\/?page_id=1233"},"modified":"2025-04-21T16:45:39","modified_gmt":"2025-04-21T16:45:39","slug":"memos","status":"publish","type":"page","link":"https:\/\/acolop.net\/en\/memos\/","title":{"rendered":"Interview: X MEMOS"},"content":{"rendered":"<p>Because of your experience in the Olympic movement and your relevance to the research to be carried out, we invite you to take part in the research project for the Executive Master's Degree in Sports Organisation Management (MEMOS X).  This enquiry is part of an academic study approved by the University of Lleida (Spain), an institution that guarantees compliance with its ethical and confidentiality protocols in accordance with the European Union's General Data Protection Regulation (GDPR).<\/p>\n\n\n\n<p>This interview will be conducted in <strong>ASSIGNMENT<\/strong> so all you need to do is record your answer using your device. The interview lasts a maximum of 9 minutes, in which <strong>each answer should be no longer than 60 seconds (1 minute).<\/strong><\/p>\n\n\n\n<p>Make sure you're in a <strong>calm and quiet environment <\/strong>and in which you will not be interrupted. The asynchronous interview can be conducted using your laptop, mobile phone or tablet.<\/p>\n\n\n\n<p><strong>We ask that you respond to this interview by 9 May at 23:59 (CET).<\/strong><\/p>\n\n\n\n<p>Before you give your answers, we've made the interview script available for you to prepare in advance:<\/p>\n\n\n\n<p><strong><u>Glossary:<\/u><\/strong><\/p>\n\n\n\n<ul class=\"wp-block-list\">\n<li><strong>NOCs (National Olympic Committees): <\/strong>National Olympic Committees responsible for managing Olympic sport in each country, recognised by the International Olympic Committee (IOC).<\/li>\n\n\n\n<li><strong>NOC Exchange: <\/strong>An Olympic Solidarity programme that promotes the exchange of experiences and knowledge between NOCs, with the aim of strengthening institutional capacities and promoting good practices in sports management.<\/li>\n<\/ul>\n\n\n\n<h2 class=\"wp-block-heading\">Questions:<\/h2>\n\n\n\n<ol class=\"wp-block-list\">\n<li>Based on your experience, how would you describe the level of collaboration between National Olympic Committees (NOCs) in implementing Olympic Solidarity programmes that promote cooperation between committees, such as the NOC Exchange?<\/li>\n\n\n\n<li>What factors do you think facilitate or hinder greater coordination and exchange of good practices between NOCs?<\/li>\n\n\n\n<li>Can you share any experience or model that, according to your professional career, has worked well in similar contexts and that could be replicated by NOCs?<\/li>\n\n\n\n<li>What kind of technological tools, including artificial intelligence, do you think could support the development of more effective collaborative networks between NOCs?<\/li>\n\n\n\n<li>What potential do you see in creating innovation labs or co-creation spaces to develop joint solutions aimed at social impact through sport?<\/li>\n\n\n\n<li>How do you perceive the integration of the Sustainable Development Goals (SDGs) into NOC programmes and how do you think the Olympism365 approach can strengthen the social impact of such actions?<\/li>\n\n\n\n<li>Finally, what recommendation would you make to improve the collective impact of Olympic Solidarity programmes through collaborative strategies between NOCs?<\/li>\n<\/ol>\n\n\n\n<h2 class=\"wp-block-heading\">Select the language you want to interview in below:<\/h2>\n\n\n\n<div class=\"wp-block-columns is-layout-flex wp-container-core-columns-is-layout-9d6595d7 wp-block-columns-is-layout-flex\">\n<div class=\"wp-block-column is-vertically-aligned-center is-layout-flow wp-block-column-is-layout-flow\"><div class=\"wp-block-image\">\n<figure class=\"aligncenter size-full is-resized\"><a href=\"https:\/\/memos.aidaform.com\/portugues\" target=\"_blank\" rel=\" noreferrer noopener\"><img loading=\"lazy\" decoding=\"async\" width=\"330\" height=\"220\" src=\"https:\/\/acolop.net\/wp-content\/uploads\/2025\/04\/Flag_of_Portugal_alternate.svg.png\" alt=\"\" class=\"wp-image-1235\" style=\"object-fit:cover;width:200px;height:100px\" srcset=\"https:\/\/acolop.net\/wp-content\/uploads\/2025\/04\/Flag_of_Portugal_alternate.svg.png 330w, https:\/\/acolop.net\/wp-content\/uploads\/2025\/04\/Flag_of_Portugal_alternate.svg-300x200.png 300w, https:\/\/acolop.net\/wp-content\/uploads\/2025\/04\/Flag_of_Portugal_alternate.svg-18x12.png 18w\" sizes=\"auto, (max-width: 330px) 100vw, 330px\" \/><\/a><figcaption class=\"wp-element-caption\"><a href=\"https:\/\/memos.aidaform.com\/portugues\" target=\"_blank\" rel=\"noopener\" title=\"\">Portuguese<\/a><\/figcaption><\/figure>\n<\/div><\/div>\n\n\n\n<div class=\"wp-block-column is-vertically-aligned-center is-layout-flow wp-block-column-is-layout-flow\"><div class=\"wp-block-image\">\n<figure class=\"aligncenter size-full is-resized\"><a href=\"https:\/\/memos.aidaform.com\/english\" target=\"_blank\" rel=\" noreferrer noopener\"><img loading=\"lazy\" decoding=\"async\" width=\"330\" height=\"198\" src=\"https:\/\/acolop.net\/wp-content\/uploads\/2025\/04\/Flag_of_the_United_Kingdom_3-5.svg.webp\" alt=\"\" class=\"wp-image-1236\" style=\"object-fit:cover;width:200px;height:100px\" srcset=\"https:\/\/acolop.net\/wp-content\/uploads\/2025\/04\/Flag_of_the_United_Kingdom_3-5.svg.webp 330w, https:\/\/acolop.net\/wp-content\/uploads\/2025\/04\/Flag_of_the_United_Kingdom_3-5.svg-300x180.webp 300w, https:\/\/acolop.net\/wp-content\/uploads\/2025\/04\/Flag_of_the_United_Kingdom_3-5.svg-18x12.webp 18w\" sizes=\"auto, (max-width: 330px) 100vw, 330px\" \/><\/a><figcaption class=\"wp-element-caption\"><a href=\"https:\/\/memos.aidaform.com\/english\" title=\"\">English<\/a><\/figcaption><\/figure>\n<\/div><\/div>\n\n\n\n<div class=\"wp-block-column is-vertically-aligned-center is-layout-flow wp-block-column-is-layout-flow\"><div class=\"wp-block-image\">\n<figure class=\"aligncenter size-full is-resized\"><a href=\"https:\/\/memos.aidaform.com\/espanol\" target=\"_blank\" rel=\" noreferrer noopener\"><img loading=\"lazy\" decoding=\"async\" width=\"640\" height=\"427\" src=\"https:\/\/acolop.net\/wp-content\/uploads\/2025\/04\/640px-Flag_of_Spain.svg.png\" alt=\"\" class=\"wp-image-1237\" style=\"object-fit:cover;width:200px;height:100px\" srcset=\"https:\/\/acolop.net\/wp-content\/uploads\/2025\/04\/640px-Flag_of_Spain.svg.png 640w, https:\/\/acolop.net\/wp-content\/uploads\/2025\/04\/640px-Flag_of_Spain.svg-300x200.png 300w, https:\/\/acolop.net\/wp-content\/uploads\/2025\/04\/640px-Flag_of_Spain.svg-18x12.png 18w\" sizes=\"auto, (max-width: 640px) 100vw, 640px\" \/><\/a><figcaption class=\"wp-element-caption\"><a href=\"https:\/\/memos.aidaform.com\/espanol\" target=\"_blank\" rel=\"noopener\" title=\"Spanish\">Spanish<\/a><\/figcaption><\/figure>\n<\/div><\/div>\n<\/div>\n\n\n\n<p>If you have any further questions, please contact <a href=\"mailto:leonardo.cunha@acolop.net\">leonardo.cunha@acolop.net<\/a><\/p>","protected":false},"excerpt":{"rendered":"<p>Pela sua experi\u00eancia no movimento ol\u00edmpico e parte relevante para a pesquisa a ser realizada, convidamos para fazer parte do projeto de pesquisa do Mestrado Executivo em Gest\u00e3o de Organiza\u00e7\u00f5es Desportivas (MEMOS X). Esta consulta faz parte de um estudo acad\u00e9mico aprovado no \u00e2mbito da Universidade de Lleida (Espanha), institui\u00e7\u00e3o que garante o comprimento dos&hellip;&nbsp;<a href=\"https:\/\/acolop.net\/en\/memos\/\" rel=\"bookmark\">Read More \"<span class=\"screen-reader-text\">Interview: X MEMOS<\/span><\/a><\/p>","protected":false},"author":1,"featured_media":1234,"parent":0,"menu_order":0,"comment_status":"closed","ping_status":"closed","template":"","meta":{"om_disable_all_campaigns":false,"_monsterinsights_skip_tracking":false,"_monsterinsights_sitenote_active":false,"_monsterinsights_sitenote_note":"","_monsterinsights_sitenote_category":0,"neve_meta_sidebar":"","neve_meta_container":"","neve_meta_enable_content_width":"","neve_meta_content_width":0,"neve_meta_title_alignment":"","neve_meta_author_avatar":"","neve_post_elements_order":"","neve_meta_disable_header":"","neve_meta_disable_footer":"","neve_meta_disable_title":"","neve_meta_reading_time":"","_themeisle_gutenberg_block_has_review":false,"footnotes":""},"class_list":["post-1233","page","type-page","status-publish","has-post-thumbnail","hentry"],"aioseo_notices":[],"_links":{"self":[{"href":"https:\/\/acolop.net\/en\/wp-json\/wp\/v2\/pages\/1233","targetHints":{"allow":["GET"]}}],"collection":[{"href":"https:\/\/acolop.net\/en\/wp-json\/wp\/v2\/pages"}],"about":[{"href":"https:\/\/acolop.net\/en\/wp-json\/wp\/v2\/types\/page"}],"author":[{"embeddable":true,"href":"https:\/\/acolop.net\/en\/wp-json\/wp\/v2\/users\/1"}],"replies":[{"embeddable":true,"href":"https:\/\/acolop.net\/en\/wp-json\/wp\/v2\/comments?post=1233"}],"version-history":[{"count":9,"href":"https:\/\/acolop.net\/en\/wp-json\/wp\/v2\/pages\/1233\/revisions"}],"predecessor-version":[{"id":1259,"href":"https:\/\/acolop.net\/en\/wp-json\/wp\/v2\/pages\/1233\/revisions\/1259"}],"wp:featuredmedia":[{"embeddable":true,"href":"https:\/\/acolop.net\/en\/wp-json\/wp\/v2\/media\/1234"}],"wp:attachment":[{"href":"https:\/\/acolop.net\/en\/wp-json\/wp\/v2\/media?parent=1233"}],"curies":[{"name":"wp","href":"https:\/\/api.w.org\/{rel}","templated":true}]}}