{"id":1591,"date":"2025-11-18T20:29:34","date_gmt":"2025-11-18T20:29:34","guid":{"rendered":"https:\/\/acolop.net\/?page_id=1591"},"modified":"2025-11-18T20:31:46","modified_gmt":"2025-11-18T20:31:46","slug":"ag2025","status":"publish","type":"page","link":"https:\/\/acolop.net\/en\/ag2025\/","title":{"rendered":"ag2025"},"content":{"rendered":"<h2 class=\"wp-block-heading\">Registration form for the 2nd ACOLOP General Assembly - 14 December 2025, Luanda - Angola<\/h2>\n\n\n<div class=\"wpforms-container wpforms-container-full\" id=\"wpforms-1588\"><form id=\"wpforms-form-1588\" class=\"wpforms-validate wpforms-form\" data-formid=\"1588\" method=\"post\" enctype=\"multipart\/form-data\" action=\"\/en\/wp-json\/wp\/v2\/pages\/1591?wpforms_form_id=1588\" data-token=\"559fc17a75c6549092cfb3f88d699d67\" data-trp-original-action=\"\/en\/wp-json\/wp\/v2\/pages\/1591?wpforms_form_id=1588\"><noscript class=\"wpforms-error-noscript\">Please enable JavaScript in your browser to complete this form.<\/noscript><div class=\"wpforms-field-container\"><div id=\"wpforms-1588-field_2-container\" class=\"wpforms-field wpforms-field-name\" data-field-id=\"2\"><label class=\"wpforms-field-label\" for=\"wpforms-1588-field_2\">Name <span class=\"wpforms-required-label\">*<\/span><\/label><div class=\"wpforms-field-row wpforms-field-medium\"><div class=\"wpforms-field-row-block wpforms-first wpforms-one-half\"><input type=\"text\" id=\"wpforms-1588-field_2\" class=\"wpforms-field-name-first wpforms-field-required\" name=\"wpforms[fields][2][first]\" required><label for=\"wpforms-1588-field_2\" class=\"wpforms-field-sublabel after wpforms-sublabel-hide\">First<\/label><\/div><div class=\"wpforms-field-row-block wpforms-one-half\"><input type=\"text\" id=\"wpforms-1588-field_2-last\" class=\"wpforms-field-name-last wpforms-field-required\" name=\"wpforms[fields][2][last]\" required><label for=\"wpforms-1588-field_2-last\" class=\"wpforms-field-sublabel after wpforms-sublabel-hide\">Last<\/label><\/div><\/div><\/div><div id=\"wpforms-1588-field_3-container\" class=\"wpforms-field wpforms-field-email\" data-field-id=\"3\"><label class=\"wpforms-field-label\" for=\"wpforms-1588-field_3\">Email <span class=\"wpforms-required-label\">*<\/span><\/label><input type=\"email\" id=\"wpforms-1588-field_3\" class=\"wpforms-field-medium wpforms-field-required\" name=\"wpforms[fields][3]\" required><\/div><div id=\"wpforms-1588-field_13-container\" class=\"wpforms-field wpforms-field-radio\" data-field-id=\"13\"><label class=\"wpforms-field-label\" for=\"wpforms-1588-field_13\">Genre <span class=\"wpforms-required-label\">*<\/span><\/label><ul id=\"wpforms-1588-field_13\" class=\"wpforms-field-required\"><li class=\"choice-1 depth-1\"><input type=\"radio\" id=\"wpforms-1588-field_13_1\" name=\"wpforms[fields][13]\" value=\"Masculino\" required><label class=\"wpforms-field-label-inline\" for=\"wpforms-1588-field_13_1\">Male<\/label><\/li><li class=\"choice-2 depth-1\"><input type=\"radio\" id=\"wpforms-1588-field_13_2\" name=\"wpforms[fields][13]\" value=\"Feminino\" required><label class=\"wpforms-field-label-inline\" for=\"wpforms-1588-field_13_2\">Female<\/label><\/li><li class=\"choice-3 depth-1\"><input type=\"radio\" id=\"wpforms-1588-field_13_3\" name=\"wpforms[fields][13]\" value=\"Prefiro n\u00e3o dizer\" required><label class=\"wpforms-field-label-inline\" for=\"wpforms-1588-field_13_3\">I'd rather not say<\/label><\/li><\/ul><\/div><div id=\"wpforms-1588-field_4-container\" class=\"wpforms-field wpforms-field-phone\" data-field-id=\"4\"><label class=\"wpforms-field-label\" for=\"wpforms-1588-field_4\">Telephone <span class=\"wpforms-required-label\">*<\/span><\/label><input type=\"tel\" id=\"wpforms-1588-field_4\" class=\"wpforms-field-medium wpforms-field-required\" data-rule-int-phone-field=\"true\" name=\"wpforms[fields][4]\" required><div class=\"wpforms-field-description\">Insert from phone. <\/div><\/div><div id=\"wpforms-1588-field_6-container\" class=\"wpforms-field wpforms-field-select wpforms-field-select-style-classic\" data-field-id=\"6\"><label class=\"wpforms-field-label\" for=\"wpforms-1588-field_6\">Select your Olympic Committee <span class=\"wpforms-required-label\">*<\/span><\/label><select id=\"wpforms-1588-field_6\" class=\"wpforms-field-medium wpforms-field-required\" name=\"wpforms[fields][6]\" required=\"required\"><option value=\"COMIT\u00c9 OL\u00cdMPICO DE ANGOLA\" >ANGOLAN OLYMPIC COMMITTEE<\/option><option value=\"COMIT\u00c9 OL\u00cdMPICO DO BRASIL\" >OLYMPIC COMMITTEE OF BRAZIL<\/option><option value=\"COMIT\u00c9 OL\u00cdMPICO CABO-VERDIANO\" >CAPEVERDEAN OLYMPIC COMMITTEE<\/option><option value=\"COMIT\u00c9 OL\u00cdMPICO DA GUIN\u00c9-EQUATORIAL\" >EQUATORIAL GUINEA OLYMPIC COMMITTEE<\/option><option value=\"COMIT\u00c9 OL\u00cdMPICO DA GUIN\u00c9-BISSAU\" >OLYMPIC COMMITTEE OF GUINEA-BISSAU<\/option><option value=\"ASSOCIA\u00c7\u00c3O OL\u00cdMPICA DE GOA\" >GOA OLYMPIC ASSOCIATION<\/option><option value=\"COMIT\u00c9 OL\u00cdMPICO DE MO\u00c7AMBIQUE\" >MOZAMBIQUE OLYMPIC COMMITTEE<\/option><option value=\"COMIT\u00c9 OL\u00cdMPICO E DESPORTIVO DE MACAU, CHINA\" >MACAU OLYMPIC AND SPORTS COMMITTEE, CHINA<\/option><option value=\"COMIT\u00c9 OL\u00cdMPICO DE S\u00c3O TOM\u00c9 E PR\u00cdNCIPE\" >S\u00c3O TOM\u00c9 AND PR\u00cdNCIPE OLYMPIC COMMITTEE<\/option><option value=\"COMIT\u00c9 OL\u00cdMPICO DE PORTUGAL\" >OLYMPIC COMMITTEE OF PORTUGAL<\/option><option value=\"COMIT\u00c9 OL\u00cdMPICO DE TIMOR LESTE\" >EAST TIMORESE OLYMPIC COMMITTEE<\/option><option value=\"COMIT\u00c9 OL\u00cdMPICO DO SRI LANKA\" >SRI LANKA OLYMPIC COMMITTEE<\/option><option value=\"Outra organiza\u00e7\u00e3o convidada\" >Another organisation invited<\/option><\/select><\/div><div id=\"wpforms-1588-field_8-container\" class=\"wpforms-field wpforms-field-file-upload\" data-field-id=\"8\"><label class=\"wpforms-field-label\" for=\"wpforms-1588-field_8\">Copy of passport <span class=\"wpforms-required-label\">*<\/span><\/label><div\n\t\tclass=\"wpforms-uploader\"\n\t\tdata-field-id=\"8\"\n\t\tdata-form-id=\"1588\"\n\t\tdata-input-name=\"wpforms_1588_8\"\n\t\tdata-extensions=\"jpg,jpeg,jpe,gif,png,bmp,tiff,tif,webp,avif,ico,heic,heif,heics,heifs,asf,asx,wmv,wmx,wm,avi,divx,mov,qt,mpeg,mpg,mpe,mp4,m4v,ogv,webm,mkv,3gp,3gpp,3g2,3gp2,txt,asc,c,cc,h,srt,csv,tsv,ics,rtx,css,vtt,mp3,m4a,m4b,aac,ra,ram,wav,ogg,oga,flac,mid,midi,wma,wax,mka,rtf,pdf,class,tar,zip,gz,gzip,rar,7z,psd,xcf,doc,pot,pps,ppt,wri,xla,xls,xlt,xlw,mpp,docx,docm,dotx,dotm,xlsx,xlsm,xlsb,xltx,xltm,xlam,pptx,pptm,ppsx,ppsm,potx,potm,ppam,sldx,sldm,onetoc,onetoc2,onepkg,oxps,xps,odt,odp,ods,odg,odc,odb,odf,wp,wpd,key,numbers,pages,json,lottie,svg,svgz\"\n\t\tdata-max-size=\"1073741824\"\n\t\tdata-max-file-number=\"1\"\n\t\tdata-post-max-size=\"1073741824\"\n\t\tdata-max-parallel-uploads=\"4\"\n\t\tdata-parallel-uploads=\"true\"\n\t\tdata-file-chunk-size=\"2097152\">\n\t<div class=\"dz-message\">\n\t\t<svg viewbox=\"0 0 1024 1024\" focusable=\"false\" data-icon=\"inbox\" width=\"50px\" height=\"50px\" fill=\"#b1b1b1\" aria-hidden=\"true\">\n\t\t\t<path d=\"M885.2 446.3l-.2-.8-112.2-285.1c-5-16.1-19.9-27.2-36.8-27.2H281.2c-17 0-32.1 11.3-36.9 27.6L139.4 443l-.3.7-.2.8c-1.3 4.9-1.7 9.9-1 14.8-.1 1.6-.2 3.2-.2 4.8V830a60.9 60.9 0 0 0 60.8 60.8h627.2c33.5 0 60.8-27.3 60.9-60.8V464.1c0-1.3 0-2.6-.1-3.7.4-4.9 0-9.6-1.3-14.1zm-295.8-43l-.3 15.7c-.8 44.9-31.8 75.1-77.1 75.1-22.1 0-41.1-7.1-54.8-20.6S436 441.2 435.6 419l-.3-15.7H229.5L309 210h399.2l81.7 193.3H589.4zm-375 76.8h157.3c24.3 57.1 76 90.8 140.4 90.8 33.7 0 65-9.4 90.3-27.2 22.2-15.6 39.5-37.4 50.7-63.6h156.5V814H214.4V480.1z\"><\/path>\n\t\t<\/svg>\n\t\t<span class=\"modern-title\">Click or drag a file to this area to upload.<\/span>\n\n\t\t\t<\/div>\n<\/div>\n<input\n\t\ttype=\"text\"\n\t\tautocomplete=\"off\"\n\t\tclass=\"dropzone-input\"\n\t\tstyle=\"position:absolute!important;clip:rect(0,0,0,0)!important;height:1px!important;width:1px!important;border:0!important;overflow:hidden!important;padding:0!important;margin:0!important;\"\n\t\tid=\"wpforms-1588-field_8\"\n\t\tname=\"wpforms_1588_8\" required\t\tvalue=\"\">\n<div class=\"wpforms-field-description\">Upload a copy of your passport for hotel reservation purposes. Only one file is allowed.<\/div><\/div><div id=\"wpforms-1588-field_10-container\" class=\"wpforms-field wpforms-field-text\" data-field-id=\"10\"><label class=\"wpforms-field-label\" for=\"wpforms-1588-field_10\">Arrival flight number <span class=\"wpforms-required-label\">*<\/span><\/label><input type=\"text\" id=\"wpforms-1588-field_10\" class=\"wpforms-field-small wpforms-field-required\" name=\"wpforms[fields][10]\" required><div class=\"wpforms-field-description\">P.e TP1599<\/div><\/div><div id=\"wpforms-1588-field_9-container\" class=\"wpforms-field wpforms-field-date-time\" data-field-id=\"9\"><label class=\"wpforms-field-label\" for=\"wpforms-1588-field_9\">Arrival Date and Time <span class=\"wpforms-required-label\">*<\/span><\/label><div class=\"wpforms-field-row wpforms-field-small\"><div class=\"wpforms-field-row-block wpforms-one-half wpforms-first\"><div class=\"wpforms-datepicker-wrap\"><input type=\"text\" id=\"wpforms-1588-field_9\" class=\"wpforms-field-date-time-date wpforms-datepicker wpforms-field-required\" data-date-format=\"m\/d\/Y\" data-disable-past-dates=\"1\" data-input=\"true\" name=\"wpforms[fields][9][date]\" required><a title=\"Clear Date\" data-clear class=\"wpforms-datepicker-clear\" style=\"display:none;\"><\/a><\/div><label for=\"wpforms-1588-field_9\" class=\"wpforms-field-sublabel after wpforms-sublabel-hide\">Date<\/label><\/div><div class=\"wpforms-field-row-block wpforms-one-half\"><input type=\"text\" id=\"wpforms-1588-field_9-time\" class=\"wpforms-field-date-time-time wpforms-timepicker wpforms-field-required\" data-time-format=\"H:i\" data-step=\"15\" data-rule-time24h=\"true\" name=\"wpforms[fields][9][time]\" required><label for=\"wpforms-1588-field_9-time\" class=\"wpforms-field-sublabel after wpforms-sublabel-hide\">Time<\/label><\/div><\/div><\/div><div id=\"wpforms-1588-field_14-container\" class=\"wpforms-field wpforms-field-text\" data-field-id=\"14\"><label class=\"wpforms-field-label\" for=\"wpforms-1588-field_14\">Departure flight number <span class=\"wpforms-required-label\">*<\/span><\/label><input type=\"text\" id=\"wpforms-1588-field_14\" class=\"wpforms-field-small wpforms-field-required\" name=\"wpforms[fields][14]\" required><div class=\"wpforms-field-description\">P.e TP1599<\/div><\/div><div id=\"wpforms-1588-field_15-container\" class=\"wpforms-field wpforms-field-date-time\" data-field-id=\"15\"><label class=\"wpforms-field-label\" for=\"wpforms-1588-field_15\">Departure Date and Time <span class=\"wpforms-required-label\">*<\/span><\/label><div class=\"wpforms-field-row wpforms-field-small\"><div class=\"wpforms-field-row-block wpforms-one-half wpforms-first\"><div class=\"wpforms-datepicker-wrap\"><input type=\"text\" id=\"wpforms-1588-field_15\" class=\"wpforms-field-date-time-date wpforms-datepicker wpforms-field-required\" data-date-format=\"m\/d\/Y\" data-disable-past-dates=\"1\" data-input=\"true\" name=\"wpforms[fields][15][date]\" required><a title=\"Clear Date\" data-clear class=\"wpforms-datepicker-clear\" style=\"display:none;\"><\/a><\/div><label for=\"wpforms-1588-field_15\" class=\"wpforms-field-sublabel after wpforms-sublabel-hide\">Date<\/label><\/div><div class=\"wpforms-field-row-block wpforms-one-half\"><input type=\"text\" id=\"wpforms-1588-field_15-time\" class=\"wpforms-field-date-time-time wpforms-timepicker wpforms-field-required\" data-time-format=\"H:i\" data-step=\"15\" data-rule-time24h=\"true\" name=\"wpforms[fields][15][time]\" required><label for=\"wpforms-1588-field_15-time\" class=\"wpforms-field-sublabel after wpforms-sublabel-hide\">Time<\/label><\/div><\/div><\/div><div id=\"wpforms-1588-field_11-container\" class=\"wpforms-field wpforms-field-html\" data-field-id=\"11\"><div id=\"wpforms-1588-field_11\"><\/div><\/div><div id=\"wpforms-1588-field_16-container\" class=\"wpforms-field wpforms-field-text\" data-field-id=\"16\"><label class=\"wpforms-field-label\" for=\"wpforms-1588-field_16\">Indicate if you have any dietary restrictions<\/label><input type=\"text\" id=\"wpforms-1588-field_16\" class=\"wpforms-field-medium\" name=\"wpforms[fields][16]\" ><\/div><div id=\"wpforms-1588-field_18-container\" class=\"wpforms-field wpforms-field-text\" data-field-id=\"18\"><label class=\"wpforms-field-label\" for=\"wpforms-1588-field_18\">Indicate if you have any physical disabilities.<\/label><input type=\"text\" id=\"wpforms-1588-field_18\" class=\"wpforms-field-medium\" name=\"wpforms[fields][18]\" ><\/div><\/div><div class=\"wpforms-submit-container\"><input type=\"hidden\" name=\"wpforms[id]\" value=\"1588\"><input type=\"hidden\" name=\"wpforms[author]\" value=\"1\"><button type=\"submit\" name=\"wpforms[submit]\" id=\"wpforms-submit-1588\" class=\"wpforms-submit\" aria-live=\"assertive\" value=\"wpforms-submit\">Submit<\/button><\/div><input type=\"hidden\" name=\"trp-form-language\" value=\"en\"\/><\/form><\/div>  <!-- .wpforms-container -->\n\n\n<div data-wp-interactive=\"core\/file\" class=\"wp-block-file\"><object data-wp-bind--hidden=\"!state.hasPdfPreview\" hidden class=\"wp-block-file__embed\" data=\"https:\/\/acolop.net\/wp-content\/uploads\/2025\/11\/20251118-2-AG-ACOLOP.pdf\" type=\"application\/pdf\" style=\"width:100%;height:600px\" aria-label=\"Embed of Brochura.\"><\/object><a id=\"wp-block-file--media-86464ca8-2083-4346-adaa-734db9f15c03\" href=\"https:\/\/acolop.net\/wp-content\/uploads\/2025\/11\/20251118-2-AG-ACOLOP.pdf\">Paperback<\/a><a href=\"https:\/\/acolop.net\/wp-content\/uploads\/2025\/11\/20251118-2-AG-ACOLOP.pdf\" class=\"wp-block-file__button wp-element-button\" download aria-describedby=\"wp-block-file--media-86464ca8-2083-4346-adaa-734db9f15c03\">Download<\/a><\/div>\n\n\n\n<p><\/p>","protected":false},"excerpt":{"rendered":"<p>Registration form for the 2nd ACOLOP General Assembly - 14 December 2025, Luanda - Angola<\/p>","protected":false},"author":1,"featured_media":0,"parent":0,"menu_order":0,"comment_status":"closed","ping_status":"closed","template":"","meta":{"om_disable_all_campaigns":false,"_monsterinsights_skip_tracking":false,"_monsterinsights_sitenote_active":false,"_monsterinsights_sitenote_note":"","_monsterinsights_sitenote_category":0,"neve_meta_sidebar":"","neve_meta_container":"","neve_meta_enable_content_width":"","neve_meta_content_width":0,"neve_meta_title_alignment":"","neve_meta_author_avatar":"","neve_post_elements_order":"","neve_meta_disable_header":"","neve_meta_disable_footer":"","neve_meta_disable_title":"on","neve_meta_reading_time":"","_themeisle_gutenberg_block_has_review":false,"footnotes":""},"class_list":["post-1591","page","type-page","status-publish","hentry"],"aioseo_notices":[],"_links":{"self":[{"href":"https:\/\/acolop.net\/en\/wp-json\/wp\/v2\/pages\/1591","targetHints":{"allow":["GET"]}}],"collection":[{"href":"https:\/\/acolop.net\/en\/wp-json\/wp\/v2\/pages"}],"about":[{"href":"https:\/\/acolop.net\/en\/wp-json\/wp\/v2\/types\/page"}],"author":[{"embeddable":true,"href":"https:\/\/acolop.net\/en\/wp-json\/wp\/v2\/users\/1"}],"replies":[{"embeddable":true,"href":"https:\/\/acolop.net\/en\/wp-json\/wp\/v2\/comments?post=1591"}],"version-history":[{"count":3,"href":"https:\/\/acolop.net\/en\/wp-json\/wp\/v2\/pages\/1591\/revisions"}],"predecessor-version":[{"id":1596,"href":"https:\/\/acolop.net\/en\/wp-json\/wp\/v2\/pages\/1591\/revisions\/1596"}],"wp:attachment":[{"href":"https:\/\/acolop.net\/en\/wp-json\/wp\/v2\/media?parent=1591"}],"curies":[{"name":"wp","href":"https:\/\/api.w.org\/{rel}","templated":true}]}}