{"id":1618,"date":"2025-12-17T12:49:06","date_gmt":"2025-12-17T12:49:06","guid":{"rendered":"https:\/\/acolop.net\/?page_id=1618"},"modified":"2026-02-08T19:13:14","modified_gmt":"2026-02-08T19:13:14","slug":"parcerias","status":"publish","type":"page","link":"https:\/\/acolop.net\/en\/partnerships\/","title":{"rendered":"Partnerships"},"content":{"rendered":"<div id=\"wp-block-themeisle-blocks-advanced-columns-09095570\" class=\"wp-block-themeisle-blocks-advanced-columns alignfull has-1-columns has-desktop-equal-layout has-tablet-equal-layout has-mobile-equal-layout has-vertical-center has-dark-bg\"><div class=\"wp-block-themeisle-blocks-advanced-columns-overlay\"><\/div><div class=\"innerblocks-wrap\">\n<div id=\"wp-block-themeisle-blocks-advanced-column-81ddde45\" class=\"wp-block-themeisle-blocks-advanced-column\">\n<h4 id=\"wp-block-themeisle-blocks-advanced-heading-7d54620f\" class=\"wp-block-themeisle-blocks-advanced-heading wp-block-themeisle-blocks-advanced-heading-7d54620f\">Consortia and collaboration<\/h4>\n\n\n\n<h1 id=\"wp-block-themeisle-blocks-advanced-heading-b0d2a25b\" class=\"wp-block-themeisle-blocks-advanced-heading wp-block-themeisle-blocks-advanced-heading-b0d2a25b\">PARTNERSHIPS<\/h1>\n<\/div>\n<\/div><\/div>\n\n\n\n<div style=\"height:50px\" aria-hidden=\"true\" class=\"wp-block-spacer\"><\/div>\n\n\n\n<p>ACOLOP has several partnerships and wants to expand its network of partners.<\/p>\n\n\n\n<p>A <strong>Association of Olympic Committees of Portuguese-Speaking Countries (ACOLOP)<\/strong>founded on 8th June 2004 in Lisbon, brings together the <strong>Olympic committees from Portuguese-speaking countries<\/strong> from four continents, representing around <strong>250 million people<\/strong>with the mission of strengthening sporting and cultural ties, promoting sporting participation, physical education and Olympic values, and fostering cooperation and unity among its members, acting as a reference Olympic organisation that, through <strong>strategic partnerships<\/strong>in its Strategic Vision 2022-2028 for the Lusophone Games and the role of sport as a catalyst for sustainable development. <strong>Sustainable Development Goals<\/strong>l, particularly in protecting the oceans and promoting the Blue Economy.<\/p>\n\n\n\n<figure class=\"wp-block-embed alignwide is-type-video is-provider-youtube wp-block-embed-youtube wp-embed-aspect-16-9 wp-has-aspect-ratio\"><div class=\"wp-block-embed__wrapper\">\n<div class=\"nv-iframe-embed\"><iframe loading=\"lazy\" title=\"ACOLOP - Building Partnerships Through Sport, Education and Cooperation\" width=\"1200\" height=\"675\" src=\"https:\/\/www.youtube.com\/embed\/kI0rdED0Wt8?feature=oembed\" frameborder=\"0\" allow=\"accelerometer; autoplay; clipboard-write; encrypted-media; gyroscope; picture-in-picture; web-share\" referrerpolicy=\"strict-origin-when-cross-origin\" allowfullscreen><\/iframe><\/div>\n<\/div><\/figure>\n\n\n\n<div id=\"wp-block-themeisle-blocks-advanced-columns-784450ff\" class=\"wp-block-themeisle-blocks-advanced-columns alignfull has-1-columns has-desktop-equal-layout has-tablet-equal-layout has-mobile-collapsedRows-layout has-vertical-center ticss-c00aadba\"><div class=\"wp-block-themeisle-blocks-advanced-columns-overlay\"><\/div><div class=\"innerblocks-wrap\">\n<div id=\"wp-block-themeisle-blocks-advanced-column-d0fbfc0a\" class=\"wp-block-themeisle-blocks-advanced-column\">\n<div id=\"wp-block-themeisle-blocks-advanced-columns-f32a2609\" class=\"wp-block-themeisle-blocks-advanced-columns has-1-columns has-desktop-equal-layout has-tablet-equal-layout has-mobile-equal-layout has-vertical-center\"><div class=\"wp-block-themeisle-blocks-advanced-columns-overlay\"><\/div><div class=\"innerblocks-wrap\">\n<div id=\"wp-block-themeisle-blocks-advanced-column-3567d86b\" class=\"wp-block-themeisle-blocks-advanced-column\">\n<h2 id=\"wp-block-themeisle-blocks-advanced-heading-d5f71f32\" class=\"wp-block-themeisle-blocks-advanced-heading wp-block-themeisle-blocks-advanced-heading-d5f71f32\">What is our added value for partnerships?<\/h2>\n<\/div>\n<\/div><\/div>\n\n\n\n<div id=\"wp-block-themeisle-blocks-advanced-columns-8085ff1f\" class=\"wp-block-themeisle-blocks-advanced-columns has-3-columns has-desktop-equal-layout has-tablet-equal-layout has-mobile-collapsedRows-layout has-vertical-top\"><div class=\"wp-block-themeisle-blocks-advanced-columns-overlay\"><\/div><div class=\"innerblocks-wrap\">\n<div id=\"wp-block-themeisle-blocks-advanced-column-dfb15c39\" class=\"wp-block-themeisle-blocks-advanced-column\">\n<div id=\"wp-block-themeisle-blocks-font-awesome-icons-f0573fae\" class=\"wp-block-themeisle-blocks-font-awesome-icons\"><span class=\"wp-block-themeisle-blocks-font-awesome-icons-container\"><i class=\"fas fa-umbrella\"><\/i><\/span><\/div>\n\n\n\n<h3 id=\"wp-block-themeisle-blocks-advanced-heading-3147d135\" class=\"wp-block-themeisle-blocks-advanced-heading wp-block-themeisle-blocks-advanced-heading-3147d135\">Guardianship<\/h3>\n\n\n\n<p class=\"has-text-align-center\">Guardianship organisation (<em>umbrella<\/em>) in the Olympic movement with expression in <strong>4 continents<\/strong> (only 3 in the European Union).<\/p>\n<\/div>\n\n\n\n<div id=\"wp-block-themeisle-blocks-advanced-column-ec09b220\" class=\"wp-block-themeisle-blocks-advanced-column ticss-ec09b220\">\n<div id=\"wp-block-themeisle-blocks-font-awesome-icons-1225333d\" class=\"wp-block-themeisle-blocks-font-awesome-icons\"><span class=\"wp-block-themeisle-blocks-font-awesome-icons-container\"><i class=\"fas fa-archway\"><\/i><\/span><\/div>\n\n\n\n<h3 id=\"wp-block-themeisle-blocks-advanced-heading-869a9c1f\" class=\"wp-block-themeisle-blocks-advanced-heading wp-block-themeisle-blocks-advanced-heading-869a9c1f\">LEGACY<\/h3>\n\n\n\n<p class=\"has-text-align-center\">Positioning for advantage in building <strong>legacy programmes<\/strong> and scale with a strong <strong>sustainability<\/strong> (Environmental, Economic and Social) and the use of other sources of funding (such as Olympic Solidarity).<\/p>\n<\/div>\n\n\n\n<div id=\"wp-block-themeisle-blocks-advanced-column-adbc5601\" class=\"wp-block-themeisle-blocks-advanced-column\">\n<div id=\"wp-block-themeisle-blocks-font-awesome-icons-2851bd4e\" class=\"wp-block-themeisle-blocks-font-awesome-icons\"><span class=\"wp-block-themeisle-blocks-font-awesome-icons-container\"><svg xmlns=\"http:\/\/www.w3.org\/2000\/svg\" viewbox=\"0 0 1800 1800\"><path d=\"M1203.175,843.2c-17.272,0-31.273-14-31.273-31.273c0-116.959-117.688-177.271-167.899-177.271 c-17.272,0-31.273-14.001-31.273-31.273s14.001-31.272,31.273-31.272c80.425,0,230.445,82.364,230.445,239.817 C1234.447,829.2,1220.447,843.2,1203.175,843.2z\"><\/path><path d=\"M1012.309,1788.987H787.691c-15.351,0-28.433-11.143-30.876-26.299l-30.721-190.718 c-62.62-16.151-122.402-40.937-178.231-73.885L391.23,1611.258c-12.442,8.983-29.575,7.622-40.428-3.237l-158.825-158.829 c-10.855-10.854-12.227-27.983-3.235-40.427l113.17-156.626c-32.943-55.81-57.731-115.603-73.889-178.231l-190.716-30.723 c-15.156-2.443-26.299-15.523-26.299-30.876V787.688c0-15.353,11.143-28.433,26.299-30.876l190.716-30.717 c16.157-62.633,40.945-122.426,73.887-178.237L188.742,391.235c-8.992-12.443-7.62-29.571,3.235-40.429l158.825-158.834 c10.856-10.854,27.989-12.225,40.428-3.235l156.631,113.17c55.823-32.951,115.604-57.731,178.233-73.885l30.721-190.711 c2.443-15.157,15.525-26.299,30.876-26.299h224.617c15.353,0,28.433,11.143,30.876,26.299l30.723,190.713 c62.629,16.151,122.418,40.938,178.231,73.889l156.631-113.172c12.438-8.994,29.563-7.62,40.431,3.235l158.825,158.829 c10.854,10.855,12.225,27.985,3.232,40.429L1498.09,547.861c32.957,55.832,57.738,115.611,73.89,178.233l190.713,30.717 c15.156,2.443,26.3,15.523,26.3,30.876v224.621c0,15.353-11.144,28.433-26.3,30.876l-190.718,30.723 c-16.155,62.629-40.94,122.422-73.885,178.231l113.168,156.631c8.992,12.442,7.622,29.571-3.232,40.431L1449.2,1608.025 c-10.855,10.859-27.988,12.22-40.431,3.232l-156.64-113.172c-55.81,32.943-115.598,57.729-178.223,73.88l-30.723,190.723 C1040.741,1777.845,1027.661,1788.987,1012.309,1788.987z M814.331,1726.441h171.338l29.794-184.958 c2.033-12.613,11.535-22.727,24-25.536c70.089-15.798,136.509-43.327,197.41-81.83c10.789-6.827,24.659-6.404,35.025,1.087 l151.91,109.756l121.151-121.151l-109.752-151.901c-7.482-10.357-7.914-24.223-1.086-35.025 c38.498-60.901,66.031-127.325,81.843-197.423c2.81-12.465,12.918-21.963,25.531-23.996l184.95-29.794V814.327l-184.95-29.79 c-12.613-2.033-22.727-11.535-25.536-24c-15.793-70.076-43.327-136.498-81.838-197.419c-6.828-10.8-6.396-24.667,1.086-35.025 l109.752-151.897L1423.809,255.04l-151.901,109.756c-10.362,7.482-24.231,7.912-35.029,1.084 c-60.901-38.504-127.321-66.041-197.415-81.838c-12.465-2.81-21.967-12.918-24-25.533l-29.794-184.95h-171.34l-29.792,184.945 c-2.033,12.615-11.533,22.724-23.998,25.534c-70.089,15.802-136.511,43.336-197.421,81.836 c-10.805,6.828-24.667,6.394-35.025-1.086L376.192,255.036L255.04,376.196l109.752,151.893 c7.484,10.357,7.914,24.225,1.086,35.025c-38.495,60.898-66.031,127.323-81.84,197.428 c-2.813,12.462-12.921,21.962-25.534,23.995l-184.95,29.79v171.342l184.95,29.794c12.613,2.033,22.722,11.531,25.534,23.996 c15.806,70.098,43.342,136.521,81.84,197.423c6.828,10.803,6.398,24.668-1.086,35.025L255.04,1423.804l121.152,121.156 l151.901-109.756c10.353-7.486,24.223-7.919,35.023-1.087c60.923,38.503,127.345,66.036,197.423,81.839 c12.464,2.81,21.964,12.918,23.998,25.531L814.331,1726.441z\"><\/path><path d=\"M900,1380.974c-265.211,0-480.978-215.769-480.978-480.982c0-265.211,215.767-480.978,480.978-480.978 c265.218,0,480.987,215.767,480.987,480.978C1380.987,1165.205,1165.218,1380.974,900,1380.974z M900,481.56 c-230.725,0-418.432,187.707-418.432,418.432c0,230.726,187.708,418.437,418.432,418.437 c230.729,0,418.441-187.711,418.441-418.437C1318.441,669.267,1130.729,481.56,900,481.56z\"><\/path><\/svg><\/span><\/div>\n\n\n\n<h3 id=\"wp-block-themeisle-blocks-advanced-heading-bacc3ab4\" class=\"wp-block-themeisle-blocks-advanced-heading wp-block-themeisle-blocks-advanced-heading-bacc3ab4\">COMPETENCE<\/h3>\n\n\n\n<p class=\"has-text-align-center\">Multidisciplinary and professional team to guarantee <strong>social impact<\/strong> with high replicability.<\/p>\n<\/div>\n<\/div><\/div>\n<\/div>\n<\/div><\/div>\n\n\n\n<div id=\"wp-block-themeisle-blocks-advanced-columns-0082e7f2\" class=\"wp-block-themeisle-blocks-advanced-columns alignfull has-2-columns has-desktop-equal-layout has-tablet-equal-layout has-mobile-collapsedRows-layout has-vertical-unset\"><div class=\"wp-block-themeisle-blocks-advanced-columns-overlay\"><\/div><div class=\"innerblocks-wrap\">\n<div id=\"wp-block-themeisle-blocks-advanced-column-d3d8f5b4\" class=\"wp-block-themeisle-blocks-advanced-column has-light-bg\">\n<span id=\"wp-block-themeisle-blocks-advanced-heading-70698b89\" class=\"wp-block-themeisle-blocks-advanced-heading wp-block-themeisle-blocks-advanced-heading-70698b89\"><strong>PROGRAMMES<\/strong><\/span>\n\n\n\n<h2 id=\"wp-block-themeisle-blocks-advanced-heading-4ec6bdfb\" class=\"wp-block-themeisle-blocks-advanced-heading wp-block-themeisle-blocks-advanced-heading-4ec6bdfb\">THE PROGRAMMES WE MANAGE<\/h2>\n<\/div>\n\n\n\n<div id=\"wp-block-themeisle-blocks-advanced-column-ebaf5fd9\" class=\"wp-block-themeisle-blocks-advanced-column has-dark-bg\">\n<div class=\"wp-block-buttons is-horizontal is-content-justification-center is-layout-flex wp-container-core-buttons-is-layout-499968f5 wp-block-buttons-is-layout-flex\">\n<div class=\"wp-block-button is-style-primary\"><a class=\"wp-block-button__link has-text-color has-background has-link-color has-custom-font-size wp-element-button\" href=\"https:\/\/acolop.net\/en\/forum\/\" style=\"border-radius:0px;color:#ffffff;background-color:#d7393e;padding-top:20px;padding-right:40px;padding-bottom:20px;padding-left:40px;font-size:15px\" target=\"_blank\" rel=\"noreferrer noopener\">CLICK HERE<\/a><\/div>\n<\/div>\n<\/div>\n<\/div><\/div>\n\n\n\n<section id=\"wp-block-themeisle-blocks-advanced-columns-cb87630d\" class=\"wp-block-themeisle-blocks-advanced-columns alignfull has-1-columns has-desktop-equal-layout has-tablet-equal-layout has-mobile-equal-layout has-vertical-center has-dark-bg\"><div class=\"wp-block-themeisle-blocks-advanced-columns-overlay\"><\/div><div class=\"innerblocks-wrap\">\n<div id=\"wp-block-themeisle-blocks-advanced-column-a521c34e\" class=\"wp-block-themeisle-blocks-advanced-column\">\n<h2 class=\"wp-block-heading has-text-align-center has-text-color\" style=\"color:#ffffff\">Partner Identification Form (PIF)<\/h2>\n\n\n\n<div class=\"wp-block-buttons is-content-justification-center is-layout-flex wp-container-core-buttons-is-layout-16018d1d wp-block-buttons-is-layout-flex\">\n<div class=\"wp-block-button is-style-primary\"><a class=\"wp-block-button__link has-text-color has-background has-link-color wp-element-button\" href=\"https:\/\/acolop.net\/wp-content\/uploads\/2026\/02\/20260207-ACOLOP-PIF.pdf\" style=\"color:#080808;background-color:#f0a733\" target=\"_blank\" rel=\"noreferrer noopener\">SELECT HERE<\/a><\/div>\n<\/div>\n<\/div>\n<\/div><\/section>\n\n\n\n<div id=\"wp-block-themeisle-blocks-advanced-columns-fa3f306b\" class=\"wp-block-themeisle-blocks-advanced-columns alignfull has-1-columns has-desktop-equal-layout has-tablet-equal-layout has-mobile-collapsedRows-layout has-vertical-center ticss-c00aadba\"><div class=\"wp-block-themeisle-blocks-advanced-columns-overlay\"><\/div><div class=\"innerblocks-wrap\">\n<div id=\"wp-block-themeisle-blocks-advanced-column-853c0cd5\" class=\"wp-block-themeisle-blocks-advanced-column\">\n<h2 id=\"wp-block-themeisle-blocks-advanced-heading-15dd99e6\" class=\"wp-block-themeisle-blocks-advanced-heading wp-block-themeisle-blocks-advanced-heading-15dd99e6\">WE ARE READY FOR A PARTNERSHIP...<\/h2>\n<\/div>\n<\/div><\/div>","protected":false},"excerpt":{"rendered":"<p>A ACOLOP tem v\u00e1rias parcerias e pretende alargar a sua redes de parceiros. A Associa\u00e7\u00e3o dos Comit\u00e9s Ol\u00edmpicos dos Pa\u00edses de L\u00edngua Portuguesa (ACOLOP), fundada a 8 de junho de 2004 em Lisboa, re\u00fane os Comit\u00e9s Ol\u00edmpicos de pa\u00edses lus\u00f3fonos de quatro continentes, representando cerca de 250 milh\u00f5es de pessoas, com a miss\u00e3o de fortalecer&hellip;&nbsp;<a href=\"https:\/\/acolop.net\/en\/partnerships\/\" rel=\"bookmark\">Read More \"<span class=\"screen-reader-text\">Partnerships<\/span><\/a><\/p>","protected":false},"author":1,"featured_media":0,"parent":0,"menu_order":0,"comment_status":"closed","ping_status":"closed","template":"","meta":{"om_disable_all_campaigns":false,"_monsterinsights_skip_tracking":false,"_monsterinsights_sitenote_active":false,"_monsterinsights_sitenote_note":"","_monsterinsights_sitenote_category":0,"neve_meta_sidebar":"default","neve_meta_container":"default","neve_meta_enable_content_width":"off","neve_meta_content_width":70,"neve_meta_title_alignment":"","neve_meta_author_avatar":"","neve_post_elements_order":"","neve_meta_disable_header":"off","neve_meta_disable_footer":"","neve_meta_disable_title":"on","neve_meta_reading_time":"","_themeisle_gutenberg_block_has_review":false,"footnotes":""},"class_list":["post-1618","page","type-page","status-publish","hentry"],"aioseo_notices":[],"_links":{"self":[{"href":"https:\/\/acolop.net\/en\/wp-json\/wp\/v2\/pages\/1618","targetHints":{"allow":["GET"]}}],"collection":[{"href":"https:\/\/acolop.net\/en\/wp-json\/wp\/v2\/pages"}],"about":[{"href":"https:\/\/acolop.net\/en\/wp-json\/wp\/v2\/types\/page"}],"author":[{"embeddable":true,"href":"https:\/\/acolop.net\/en\/wp-json\/wp\/v2\/users\/1"}],"replies":[{"embeddable":true,"href":"https:\/\/acolop.net\/en\/wp-json\/wp\/v2\/comments?post=1618"}],"version-history":[{"count":12,"href":"https:\/\/acolop.net\/en\/wp-json\/wp\/v2\/pages\/1618\/revisions"}],"predecessor-version":[{"id":1671,"href":"https:\/\/acolop.net\/en\/wp-json\/wp\/v2\/pages\/1618\/revisions\/1671"}],"wp:attachment":[{"href":"https:\/\/acolop.net\/en\/wp-json\/wp\/v2\/media?parent=1618"}],"curies":[{"name":"wp","href":"https:\/\/api.w.org\/{rel}","templated":true}]}}