{"id":665,"date":"2023-03-10T11:42:28","date_gmt":"2023-03-10T11:42:28","guid":{"rendered":"https:\/\/acolop.net\/?page_id=665"},"modified":"2026-03-25T12:57:05","modified_gmt":"2026-03-25T12:57:05","slug":"transparencia","status":"publish","type":"page","link":"https:\/\/acolop.net\/en\/documents\/","title":{"rendered":"Transparency"},"content":{"rendered":"<div id=\"wp-block-themeisle-blocks-advanced-columns-9e508302\" class=\"wp-block-themeisle-blocks-advanced-columns alignfull has-1-columns has-desktop-equal-layout has-tablet-equal-layout has-mobile-equal-layout has-vertical-center has-dark-bg\"><div class=\"wp-block-themeisle-blocks-advanced-columns-overlay\"><\/div><div class=\"innerblocks-wrap\">\n<div id=\"wp-block-themeisle-blocks-advanced-column-1aae8e9d\" class=\"wp-block-themeisle-blocks-advanced-column\">\n<h4 id=\"wp-block-themeisle-blocks-advanced-heading-72dd602f\" class=\"wp-block-themeisle-blocks-advanced-heading wp-block-themeisle-blocks-advanced-heading-72dd602f\">Transparency<\/h4>\n\n\n\n<h1 id=\"wp-block-themeisle-blocks-advanced-heading-8d1f80de\" class=\"wp-block-themeisle-blocks-advanced-heading wp-block-themeisle-blocks-advanced-heading-8d1f80de\">Welcome to the ACOLOP Transparency Portal<\/h1>\n<\/div>\n<\/div><\/div>\n\n\n\n<div class=\"wp-block-columns is-layout-flex wp-container-core-columns-is-layout-9d6595d7 wp-block-columns-is-layout-flex\">\n<div class=\"wp-block-column is-layout-flow wp-block-column-is-layout-flow\">\n<div class=\"wp-block-group animated fadeIn has-white-background-color has-background\" style=\"padding-top:var(--wp--preset--spacing--80);padding-right:0;padding-bottom:var(--wp--preset--spacing--80);padding-left:0\"><div class=\"wp-block-group__inner-container is-layout-flow wp-block-group-is-layout-flow\"><p class=\"has-text-align-center wp-block-site-tagline\">This space has been created as a management and accountability tool, with the aim of promoting transparency in ACOLOP's actions with its members and other interested parties. Here you will find documents, reports and relevant information that reflect the association's commitment to good governance, integrity and the active participation of its members.<\/p>\n\n\n<div style=\"height:20px\" aria-hidden=\"true\" class=\"wp-block-spacer\"><\/div>\n\n\n\n<h2 class=\"wp-block-heading\">Guiding Documents<\/h2>\n\n\n\n<div class=\"wp-block-buttons is-content-justification-center is-layout-flex wp-container-core-buttons-is-layout-16018d1d wp-block-buttons-is-layout-flex\">\n<div class=\"wp-block-button has-custom-width wp-block-button__width-100\"><a class=\"wp-block-button__link wp-element-button\" href=\"https:\/\/acolop.net\/wp-content\/uploads\/2023\/03\/CartaOlimpica_PT.pdf\" target=\"_blank\" rel=\"noreferrer noopener\">Olympic Charter (Unofficial Free Translation into Portuguese)<\/a><\/div>\n\n\n\n<div class=\"wp-block-button has-custom-width wp-block-button__width-100\"><a class=\"wp-block-button__link wp-element-button\" href=\"https:\/\/acolop.net\/wp-content\/uploads\/2023\/03\/Agenda-20205_PT.pdf https:\/\/acolop.net\/wp-\" target=\"_blank\" rel=\"noreferrer noopener\">Agenda 2020+5 (Free Unofficial Translation)<\/a><\/div>\n\n\n\n<div class=\"wp-block-button has-custom-width wp-block-button__width-100\"><a class=\"wp-block-button__link wp-element-button\" href=\"https:\/\/acolop.net\/wp-content\/uploads\/2025\/06\/Escritura-de-Estatutos-29Oct2024.pdf\" target=\"_blank\" rel=\"noreferrer noopener\">ACOLOP Statutes (29 October 2024)<\/a><\/div>\n\n\n\n<div class=\"wp-block-button has-custom-width wp-block-button__width-100\"><a class=\"wp-block-button__link wp-element-button\" href=\"http:\/\/acolop.net\/wp-content\/uploads\/2023\/03\/20221022-ACOLOP-Plano-Estrategico-22_28.pdf\" target=\"_blank\" rel=\"noreferrer noopener\">Strategic Plan 2022-2028<\/a><\/div>\n\n\n\n<div class=\"wp-block-button has-custom-width wp-block-button__width-100 is-style-fill\"><a class=\"wp-block-button__link wp-element-button\" href=\"https:\/\/acolop.net\/wp-content\/uploads\/2023\/06\/Manual-de-Registo-OLY.pdf\" target=\"_blank\" rel=\"noreferrer noopener\">OLY Registration Manual<\/a><\/div>\n\n\n\n<div class=\"wp-block-button has-custom-width wp-block-button__width-100 is-style-fill\"><a class=\"wp-block-button__link wp-element-button\" href=\"https:\/\/acolop.net\/wp-content\/uploads\/2025\/06\/Caderno-de-Encargos-AG-ACOLOP.pdf\" target=\"_blank\" rel=\"noreferrer noopener\">Specifications for the Organisation of the ACOLOP General Assembly<\/a><\/div>\n<\/div>\n\n\n\n<div style=\"height:20px\" aria-hidden=\"true\" class=\"wp-block-spacer\"><\/div>\n\n\n\n<h2 class=\"wp-block-heading\">Minutes of General Meetings<\/h2>\n\n\n\n<div class=\"wp-block-buttons is-content-justification-center is-layout-flex wp-container-core-buttons-is-layout-16018d1d wp-block-buttons-is-layout-flex\">\n<div class=\"wp-block-button has-custom-width wp-block-button__width-100\"><a class=\"wp-block-button__link wp-element-button\" href=\"Fhttps:\/\/acolop.net\/wp-content\/uploads\/2025\/06\/Escritura-de-Estatutos-29Oct2024.pdf\" target=\"_blank\" rel=\"noreferrer noopener\">1 GA - 10 April 2024<\/a><\/div>\n\n\n\n<div class=\"wp-block-button has-custom-width wp-block-button__width-100\"><a class=\"wp-block-button__link wp-element-button\" href=\"https:\/\/acolop.net\/wp-content\/uploads\/2025\/06\/20241029-Ata-AG-de-29out2024_assinada.pdf\" target=\"_blank\" rel=\"noreferrer noopener\">2 GA - 29 October 2024<\/a><\/div>\n\n\n\n<div class=\"wp-block-button has-custom-width wp-block-button__width-100\"><a class=\"wp-block-button__link wp-element-button\" href=\"https:\/\/acolop.net\/wp-content\/uploads\/2025\/06\/Ata-3.pdf\" target=\"_blank\" rel=\"noreferrer noopener\">3 GA - 25 April 2025<\/a><\/div>\n\n\n\n<div class=\"wp-block-button has-custom-width wp-block-button__width-100\"><a class=\"wp-block-button__link wp-element-button\" href=\"https:\/\/acolop.net\/wp-content\/uploads\/2026\/03\/ata_4_new.pdf\" target=\"_blank\" rel=\"noreferrer noopener\">4 GA - 14 December 2025<\/a><\/div>\n\n\n\n<div class=\"wp-block-button has-custom-width wp-block-button__width-100\"><a class=\"wp-block-button__link wp-element-button\">5 AG &#8211; 20 de Mar\u00e7o de 2026<\/a><\/div>\n<\/div>\n\n\n\n<div style=\"height:20px\" aria-hidden=\"true\" class=\"wp-block-spacer\"><\/div>\n\n\n\n<h2 class=\"wp-block-heading\">Videos de Assembleias GErais<\/h2>\n\n\n\n<div class=\"wp-block-buttons is-layout-flex wp-block-buttons-is-layout-flex\">\n<div class=\"wp-block-button has-custom-width wp-block-button__width-100\"><a class=\"wp-block-button__link wp-element-button\" href=\"https:\/\/youtu.be\/y8IWtwhdDWE\" target=\"_blank\" rel=\"noreferrer noopener\">V\u00eddeo 5 AG  &#8211; 20 de Mar\u00e7o de 2026<\/a><\/div>\n<\/div>\n\n\n\n<div style=\"height:20px\" aria-hidden=\"true\" class=\"wp-block-spacer\"><\/div>\n\n\n\n<h2 class=\"wp-block-heading\">Activity Plans and Budgets<\/h2>\n\n\n\n<div class=\"wp-block-buttons is-content-justification-center is-layout-flex wp-container-core-buttons-is-layout-16018d1d wp-block-buttons-is-layout-flex\">\n<div class=\"wp-block-button has-custom-width wp-block-button__width-100\"><a class=\"wp-block-button__link wp-element-button\" href=\"https:\/\/acolop.net\/wp-content\/uploads\/2025\/06\/20241029-PAO-ACOLOP-2025.pdf\" target=\"_blank\" rel=\"noreferrer noopener\">ACTIVITY PLAN AND BUDGET 2025<\/a><\/div>\n\n\n\n<div class=\"wp-block-button has-custom-width wp-block-button__width-100\"><a class=\"wp-block-button__link wp-element-button\" href=\"https:\/\/acolop.net\/wp-content\/uploads\/2026\/01\/20251214-PAO-ACOLOP-2026.pdf\" target=\"_blank\" rel=\"noreferrer noopener\">ACTIVITY PLAN AND BUDGET 2026<\/a><\/div>\n<\/div>\n\n\n\n<div style=\"height:20px\" aria-hidden=\"true\" class=\"wp-block-spacer\"><\/div>\n\n\n\n<h2 class=\"wp-block-heading\">ACTIVITIES REPORT AND ANNEX TO THE ACCOUNTS<\/h2>\n\n\n\n<div class=\"wp-block-buttons is-content-justification-center is-layout-flex wp-container-core-buttons-is-layout-16018d1d wp-block-buttons-is-layout-flex\">\n<div class=\"wp-block-button has-custom-width wp-block-button__width-100\"><a class=\"wp-block-button__link wp-element-button\" href=\"https:\/\/acolop.net\/wp-content\/uploads\/2025\/06\/Relatorio-e-Contas-ACOLOP-2024.pdf\" target=\"_blank\" rel=\"noreferrer noopener\">ACTIVITY REPORT AND NOTES TO THE ACCOUNTS 2024<\/a><\/div>\n\n\n\n<div class=\"wp-block-button has-custom-width wp-block-button__width-100\"><a class=\"wp-block-button__link wp-element-button\" href=\"https:\/\/acolop.net\/wp-content\/uploads\/2026\/03\/Relatorio-de-Atividades-e-anexo-as-contas-2025-ACOLOP.pdf\" target=\"_blank\" rel=\"noreferrer noopener\">RELAT\u00d3RIO DE ACTIVIDADES E ANEXO \u00c0S CONTAS 2025<\/a><\/div>\n\n\n\n<div class=\"wp-block-button has-custom-width wp-block-button__width-100\"><a class=\"wp-block-button__link wp-element-button\" href=\"https:\/\/acolop.net\/wp-content\/uploads\/2025\/06\/Conselho-Fiscal-Demonstracoes-Financeiras-do-Exercicio-de-2024.pdf\" target=\"_blank\" rel=\"noreferrer noopener\">OPINION OF THE SUPERVISORY BOARD ON THE ACTIVITY REPORT AND NOTES TO THE ACCOUNTS 2024<\/a><\/div>\n<\/div>\n\n\n\n<div style=\"height:20px\" aria-hidden=\"true\" class=\"wp-block-spacer\"><\/div>\n\n\n\n<h2 class=\"wp-block-heading\">TOWN COUNCIL BODIES<\/h2>\n\n\n\n<div class=\"wp-block-buttons is-content-justification-center is-layout-flex wp-container-core-buttons-is-layout-16018d1d wp-block-buttons-is-layout-flex\">\n<div class=\"wp-block-button has-custom-width wp-block-button__width-100\"><a class=\"wp-block-button__link wp-element-button\" href=\"https:\/\/acolop.net\/wp-content\/uploads\/2025\/06\/Termo-de-Tomada-de-Posse-Orgaos-Sociais-2024-2028.pdf\" target=\"_blank\" rel=\"noreferrer noopener\">TERM OF OFFICE OF GOVERNING BODIES 2024-2028<\/a><\/div>\n<\/div>\n\n\n\n<h2 class=\"wp-block-heading\">PROGRAMMES<\/h2>\n\n\n\n<div class=\"wp-block-buttons is-layout-flex wp-block-buttons-is-layout-flex\">\n<div class=\"wp-block-button has-custom-width wp-block-button__width-100\"><a class=\"wp-block-button__link wp-element-button\" href=\"https:\/\/acolop.net\/wp-content\/uploads\/2025\/12\/Redes-Colaborativas-dos-NOCs-Brochura-PT.pdf\" target=\"_blank\" rel=\"noreferrer noopener\">BROCHURE: ACOLOP WEBINAR SERIES - CONS COLLABORATIVE NETWORKS<\/a><\/div>\n\n\n\n<div class=\"wp-block-button has-custom-width wp-block-button__width-100\"><a class=\"wp-block-button__link wp-element-button\" href=\"https:\/\/acolop.net\/wp-content\/uploads\/2026\/01\/Projeto-Sporting-Unity_-Unindo-Culturas-Atraves-dos-Valores-Olimpicos.pdf\" target=\"_blank\" rel=\"noreferrer noopener\">BROCHURE: SPORTING UNITY<\/a><\/div>\n<\/div>\n<\/div><\/div>\n<\/div>\n<\/div>","protected":false},"excerpt":{"rendered":"<p>DOcumentos Orientadores Atas de Assembleias GErais Videos de Assembleias GErais Planos de Atividades e Or\u00e7amento RElat\u00f3rio De ACTIVIDADES e ANEXO \u00c0S COntas tERMO de Tomada DE POSSE ORG\u00c3O SOCIAIS PROGRAMAS<\/p>","protected":false},"author":1,"featured_media":0,"parent":0,"menu_order":0,"comment_status":"closed","ping_status":"closed","template":"","meta":{"om_disable_all_campaigns":false,"_monsterinsights_skip_tracking":false,"_monsterinsights_sitenote_active":false,"_monsterinsights_sitenote_note":"","_monsterinsights_sitenote_category":0,"neve_meta_sidebar":"","neve_meta_container":"","neve_meta_enable_content_width":"","neve_meta_content_width":0,"neve_meta_title_alignment":"center","neve_meta_author_avatar":"","neve_post_elements_order":"","neve_meta_disable_header":"","neve_meta_disable_footer":"","neve_meta_disable_title":"on","neve_meta_reading_time":"","_themeisle_gutenberg_block_has_review":false,"footnotes":""},"class_list":["post-665","page","type-page","status-publish","hentry"],"aioseo_notices":[],"_links":{"self":[{"href":"https:\/\/acolop.net\/en\/wp-json\/wp\/v2\/pages\/665","targetHints":{"allow":["GET"]}}],"collection":[{"href":"https:\/\/acolop.net\/en\/wp-json\/wp\/v2\/pages"}],"about":[{"href":"https:\/\/acolop.net\/en\/wp-json\/wp\/v2\/types\/page"}],"author":[{"embeddable":true,"href":"https:\/\/acolop.net\/en\/wp-json\/wp\/v2\/users\/1"}],"replies":[{"embeddable":true,"href":"https:\/\/acolop.net\/en\/wp-json\/wp\/v2\/comments?post=665"}],"version-history":[{"count":30,"href":"https:\/\/acolop.net\/en\/wp-json\/wp\/v2\/pages\/665\/revisions"}],"predecessor-version":[{"id":1753,"href":"https:\/\/acolop.net\/en\/wp-json\/wp\/v2\/pages\/665\/revisions\/1753"}],"wp:attachment":[{"href":"https:\/\/acolop.net\/en\/wp-json\/wp\/v2\/media?parent=665"}],"curies":[{"name":"wp","href":"https:\/\/api.w.org\/{rel}","templated":true}]}}