{"id":96,"date":"2020-03-17T08:52:03","date_gmt":"2020-03-17T08:52:03","guid":{"rendered":"https:\/\/demosites.io\/freelancer-gb\/?page_id=96"},"modified":"2025-07-08T15:38:05","modified_gmt":"2025-07-08T15:38:05","slug":"quemsomos","status":"publish","type":"page","link":"https:\/\/acolop.net\/en\/0067e-about-me\/","title":{"rendered":"Who we are"},"content":{"rendered":"<div id=\"wp-block-themeisle-blocks-advanced-columns-09095570\" class=\"wp-block-themeisle-blocks-advanced-columns alignfull has-1-columns has-desktop-equal-layout has-tablet-equal-layout has-mobile-equal-layout has-vertical-center has-dark-bg\"><div class=\"wp-block-themeisle-blocks-advanced-columns-overlay\"><\/div><div class=\"innerblocks-wrap\">\n<div id=\"wp-block-themeisle-blocks-advanced-column-81ddde45\" class=\"wp-block-themeisle-blocks-advanced-column\">\n<h4 id=\"wp-block-themeisle-blocks-advanced-heading-7d54620f\" class=\"wp-block-themeisle-blocks-advanced-heading wp-block-themeisle-blocks-advanced-heading-7d54620f\">presentation<\/h4>\n\n\n\n<h1 id=\"wp-block-themeisle-blocks-advanced-heading-b0d2a25b\" class=\"wp-block-themeisle-blocks-advanced-heading wp-block-themeisle-blocks-advanced-heading-b0d2a25b\">WHO WE ARE<\/h1>\n<\/div>\n<\/div><\/div>\n\n\n\n<div id=\"wp-block-themeisle-blocks-advanced-columns-e025784c\" class=\"wp-block-themeisle-blocks-advanced-columns alignwide has-2-columns has-desktop-equal-layout has-tablet-equal-layout has-mobile-collapsedRows-layout has-vertical-center\"><div class=\"wp-block-themeisle-blocks-advanced-columns-overlay\"><\/div><div class=\"innerblocks-wrap\">\n<div id=\"wp-block-themeisle-blocks-advanced-column-f8e1eaab\" class=\"wp-block-themeisle-blocks-advanced-column\">\n<h2 id=\"wp-block-themeisle-blocks-advanced-heading-1a6378f1\" class=\"wp-block-themeisle-blocks-advanced-heading wp-block-themeisle-blocks-advanced-heading-1a6378f1\">Associates<\/h2>\n\n\n\n<p class=\"has-neve-text-color-color has-text-color\">We are a non-profit organisation related to the Olympic movement, officially established on 8 June 2004 in Lisbon and made up of 12 Portuguese-speaking countries and communities.<\/p>\n\n\n\n<div style=\"height:20px\" aria-hidden=\"true\" class=\"wp-block-spacer\"><\/div>\n\n\n\n<div id=\"wp-block-themeisle-blocks-button-group-e2648d00\" class=\"wp-block-themeisle-blocks-button-group wp-block-buttons\">\n<div id=\"wp-block-themeisle-blocks-button-7ecbc521\" class=\"wp-block-themeisle-blocks-button wp-block-button is-style-fill\"><a href=\"https:\/\/acolop.net\/en\/0067e-portfolio\/\" target=\"_self\" rel=\"noopener noreferrer\" class=\"wp-block-button__link\"><span>OUR MEMBERS<\/span><\/a><\/div>\n<\/div>\n<\/div>\n\n\n\n<div id=\"wp-block-themeisle-blocks-advanced-column-e47ee2c3\" class=\"wp-block-themeisle-blocks-advanced-column\">\n<figure class=\"wp-block-image size-large is-style-rounded\"><img loading=\"lazy\" decoding=\"async\" width=\"1024\" height=\"680\" src=\"https:\/\/acolop.net\/wp-content\/uploads\/2022\/05\/pexels-frans-van-heerden-720456-1024x680.jpg\" alt=\"\" class=\"wp-image-368\" srcset=\"https:\/\/acolop.net\/wp-content\/uploads\/2022\/05\/pexels-frans-van-heerden-720456-1024x680.jpg 1024w, https:\/\/acolop.net\/wp-content\/uploads\/2022\/05\/pexels-frans-van-heerden-720456-300x199.jpg 300w, https:\/\/acolop.net\/wp-content\/uploads\/2022\/05\/pexels-frans-van-heerden-720456-768x510.jpg 768w, https:\/\/acolop.net\/wp-content\/uploads\/2022\/05\/pexels-frans-van-heerden-720456-1536x1020.jpg 1536w, https:\/\/acolop.net\/wp-content\/uploads\/2022\/05\/pexels-frans-van-heerden-720456-2048x1360.jpg 2048w\" sizes=\"auto, (max-width: 1024px) 100vw, 1024px\" \/><\/figure>\n<\/div>\n<\/div><\/div>\n\n\n\n<div id=\"wp-block-themeisle-blocks-advanced-columns-2dff31f5\" class=\"wp-block-themeisle-blocks-advanced-columns alignfull has-3-columns has-desktop-equal-layout has-tablet-equal-layout has-mobile-collapsedRows-layout has-vertical-unset has-vertical-undefined\"><div class=\"wp-block-themeisle-blocks-advanced-columns-overlay\"><\/div><div class=\"innerblocks-wrap\">\n<div id=\"wp-block-themeisle-blocks-advanced-column-92e9b3b4\" class=\"wp-block-themeisle-blocks-advanced-column\">\n<h2 id=\"wp-block-themeisle-blocks-advanced-heading-b0cafd93\" class=\"wp-block-themeisle-blocks-advanced-heading wp-block-themeisle-blocks-advanced-heading-b0cafd93\">12<\/h2>\n\n\n\n<h4 id=\"wp-block-themeisle-blocks-advanced-heading-0fbea159\" class=\"wp-block-themeisle-blocks-advanced-heading wp-block-themeisle-blocks-advanced-heading-0fbea159\"> associates<br><br> <\/h4>\n<\/div>\n\n\n\n<div id=\"wp-block-themeisle-blocks-advanced-column-c1ec1295\" class=\"wp-block-themeisle-blocks-advanced-column\">\n<h2 id=\"wp-block-themeisle-blocks-advanced-heading-18e83f4a\" class=\"wp-block-themeisle-blocks-advanced-heading wp-block-themeisle-blocks-advanced-heading-18e83f4a\"> 250<\/h2>\n\n\n\n<h4 id=\"wp-block-themeisle-blocks-advanced-heading-794de723\" class=\"wp-block-themeisle-blocks-advanced-heading wp-block-themeisle-blocks-advanced-heading-794de723\">Millions of inhabitants <\/h4>\n<\/div>\n\n\n\n<div id=\"wp-block-themeisle-blocks-advanced-column-bf531a61\" class=\"wp-block-themeisle-blocks-advanced-column\">\n<h2 id=\"wp-block-themeisle-blocks-advanced-heading-c1ca873e\" class=\"wp-block-themeisle-blocks-advanced-heading wp-block-themeisle-blocks-advanced-heading-c1ca873e\">4<\/h2>\n\n\n\n<h4 id=\"wp-block-themeisle-blocks-advanced-heading-4cf6efac\" class=\"wp-block-themeisle-blocks-advanced-heading wp-block-themeisle-blocks-advanced-heading-4cf6efac\"> <strong>continents<\/strong><\/h4>\n<\/div>\n<\/div><\/div>\n\n\n\n<div style=\"height:50px\" aria-hidden=\"true\" class=\"wp-block-spacer\"><\/div>\n\n\n\n<h2 class=\"wp-block-heading alignwide o-typing-faster has-neve-link-color-color has-text-color\">social organisations<\/h2>\n\n\n\n<div class=\"wp-block-group\"><div class=\"wp-block-group__inner-container is-layout-constrained wp-block-group-is-layout-constrained\">\n<div class=\"wp-block-columns has-neve-link-color-background-color has-background is-layout-flex wp-container-core-columns-is-layout-9d6595d7 wp-block-columns-is-layout-flex\">\n<div class=\"wp-block-column is-layout-flow wp-block-column-is-layout-flow\"><div class=\"wp-block-image is-style-rounded\">\n<figure class=\"aligncenter size-full\"><img loading=\"lazy\" decoding=\"async\" width=\"400\" height=\"400\" src=\"https:\/\/acolop.net\/wp-content\/uploads\/2023\/03\/filomena-_fortes_400x400.jpg\" alt=\"\" class=\"wp-image-704\" srcset=\"https:\/\/acolop.net\/wp-content\/uploads\/2023\/03\/filomena-_fortes_400x400.jpg 400w, https:\/\/acolop.net\/wp-content\/uploads\/2023\/03\/filomena-_fortes_400x400-300x300.jpg 300w, https:\/\/acolop.net\/wp-content\/uploads\/2023\/03\/filomena-_fortes_400x400-150x150.jpg 150w\" sizes=\"auto, (max-width: 400px) 100vw, 400px\" \/><\/figure>\n<\/div>\n\n\n<div style=\"height:50px\" aria-hidden=\"true\" class=\"wp-block-spacer\"><\/div>\n\n\n\n<h3 class=\"wp-block-heading has-text-align-center has-nv-site-bg-color has-text-color\">FILOMENA FORTES<\/h3>\n\n\n\n<p class=\"has-text-align-center has-nv-light-bg-color has-text-color\">Chairman of the Executive Committee<\/p>\n\n\n\n<p class=\"has-text-align-center has-nv-site-bg-color has-text-color\">Cape Verde<\/p>\n<\/div>\n\n\n\n<div class=\"wp-block-column is-layout-flow wp-block-column-is-layout-flow\"><div class=\"wp-block-image is-style-rounded\">\n<figure class=\"aligncenter size-full\"><img loading=\"lazy\" decoding=\"async\" width=\"400\" height=\"400\" src=\"https:\/\/acolop.net\/wp-content\/uploads\/2023\/03\/joao_alegre_400x400.jpg\" alt=\"\" class=\"wp-image-705\" srcset=\"https:\/\/acolop.net\/wp-content\/uploads\/2023\/03\/joao_alegre_400x400.jpg 400w, https:\/\/acolop.net\/wp-content\/uploads\/2023\/03\/joao_alegre_400x400-300x300.jpg 300w, https:\/\/acolop.net\/wp-content\/uploads\/2023\/03\/joao_alegre_400x400-150x150.jpg 150w\" sizes=\"auto, (max-width: 400px) 100vw, 400px\" \/><\/figure>\n<\/div>\n\n\n<div style=\"height:50px\" aria-hidden=\"true\" class=\"wp-block-spacer\"><\/div>\n\n\n\n<h3 class=\"wp-block-heading has-text-align-center has-nv-site-bg-color has-text-color\">JO\u00c3O COSTA ALEGRE<\/h3>\n\n\n\n<p class=\"has-text-align-center has-nv-site-bg-color has-text-color\">Vice-Chairman of the Executive Committee<\/p>\n\n\n\n<p class=\"has-text-align-center has-nv-site-bg-color has-text-color\">S\u00e3o Tom\u00e9 and Pr\u00edncipe<\/p>\n<\/div>\n\n\n\n<div class=\"wp-block-column is-layout-flow wp-block-column-is-layout-flow\"><div class=\"wp-block-image is-style-rounded\">\n<figure class=\"aligncenter size-full\"><img loading=\"lazy\" decoding=\"async\" width=\"400\" height=\"400\" src=\"https:\/\/acolop.net\/wp-content\/uploads\/2023\/03\/Sergio_mane_400x400.jpg\" alt=\"\" class=\"wp-image-706\" srcset=\"https:\/\/acolop.net\/wp-content\/uploads\/2023\/03\/Sergio_mane_400x400.jpg 400w, https:\/\/acolop.net\/wp-content\/uploads\/2023\/03\/Sergio_mane_400x400-300x300.jpg 300w, https:\/\/acolop.net\/wp-content\/uploads\/2023\/03\/Sergio_mane_400x400-150x150.jpg 150w\" sizes=\"auto, (max-width: 400px) 100vw, 400px\" \/><\/figure>\n<\/div>\n\n\n<div style=\"height:50px\" aria-hidden=\"true\" class=\"wp-block-spacer\"><\/div>\n\n\n\n<h3 class=\"wp-block-heading has-text-align-center has-nv-site-bg-color has-text-color\">S\u00c9rgio Man\u00e9<\/h3>\n\n\n\n<p class=\"has-text-align-center has-nv-site-bg-color has-text-color\">Vice-Chairman of the Executive Committee<\/p>\n\n\n\n<p class=\"has-text-align-center has-nv-site-bg-color has-text-color\">Guinea-Bissau<\/p>\n<\/div>\n<\/div>\n<\/div><\/div>\n\n\n\n<div id=\"wp-block-themeisle-blocks-advanced-columns-f47268b0\" class=\"wp-block-themeisle-blocks-advanced-columns has-2-columns has-desktop-equal-layout has-tablet-equal-layout has-mobile-collapsedRows-layout has-vertical-unset\"><div class=\"wp-block-themeisle-blocks-advanced-columns-overlay\"><\/div><div class=\"innerblocks-wrap\">\n<div id=\"wp-block-themeisle-blocks-advanced-column-42c38d52\" class=\"wp-block-themeisle-blocks-advanced-column\">\n<h2 id=\"wp-block-themeisle-blocks-advanced-heading-6a9e7a04\" class=\"wp-block-themeisle-blocks-advanced-heading wp-block-themeisle-blocks-advanced-heading-6a9e7a04\">OUR VALUES<\/h2>\n\n\n\n<p class=\"has-neve-text-color-color has-text-color\">The three values of Olympism are <strong>excellence<\/strong>, o <strong>respect<\/strong> and <strong>friendship<\/strong>. They form the basis on which the Olympic Movement builds its activities to promote sport, culture and education with a view to building a better world.<br><\/p>\n<\/div>\n\n\n\n<div id=\"wp-block-themeisle-blocks-advanced-column-c308f8c4\" class=\"wp-block-themeisle-blocks-advanced-column\">\n<h2 id=\"wp-block-themeisle-blocks-advanced-heading-30e96e62\" class=\"wp-block-themeisle-blocks-advanced-heading wp-block-themeisle-blocks-advanced-heading-30e96e62\">EXCELLENCE<\/h2>\n\n\n\n<p class=\"has-neve-text-color-color has-text-color\">The quality of being excellent or extremely good<\/p>\n\n\n\n<h2 id=\"wp-block-themeisle-blocks-advanced-heading-fb60dc15\" class=\"wp-block-themeisle-blocks-advanced-heading wp-block-themeisle-blocks-advanced-heading-fb60dc15\">RESPECT<\/h2>\n\n\n\n<p class=\"has-neve-text-color-color has-text-color\">A feeling of deep admiration for someone or something because of their abilities, qualities or achievements.<\/p>\n\n\n\n<h2 id=\"wp-block-themeisle-blocks-advanced-heading-5aa199c6\" class=\"wp-block-themeisle-blocks-advanced-heading wp-block-themeisle-blocks-advanced-heading-5aa199c6\">FRIENDSHIP<\/h2>\n\n\n\n<p class=\"has-neve-text-color-color has-text-color\">Relationship of mutual affection between people<\/p>\n<\/div>\n<\/div><\/div>\n\n\n\n<div id=\"wp-block-themeisle-blocks-advanced-columns-3909405a\" class=\"wp-block-themeisle-blocks-advanced-columns alignfull has-1-columns has-desktop-equal-layout has-tablet-equal-layout has-mobile-equal-layout has-vertical-unset\"><div class=\"wp-block-themeisle-blocks-advanced-columns-overlay\"><\/div><div class=\"innerblocks-wrap\">\n<div id=\"wp-block-themeisle-blocks-advanced-column-c2a1d920\" class=\"wp-block-themeisle-blocks-advanced-column\">\n<h2 id=\"wp-block-themeisle-blocks-advanced-heading-d32d5e02\" class=\"wp-block-themeisle-blocks-advanced-heading wp-block-themeisle-blocks-advanced-heading-d32d5e02\">CONTACT US<\/h2>\n\n\n\n<div id=\"wp-block-themeisle-blocks-button-group-9c347106\" class=\"wp-block-themeisle-blocks-button-group wp-block-buttons align-center\">\n<div id=\"wp-block-themeisle-blocks-button-666e6654\" class=\"wp-block-themeisle-blocks-button wp-block-button\"><a href=\"https:\/\/acolop.net\/en\/#contato\" target=\"_self\" rel=\"noopener noreferrer\" class=\"wp-block-button__link\"><span>CONTACT<\/span><\/a><\/div>\n<\/div>\n<\/div>\n<\/div><\/div>","protected":false},"excerpt":{"rendered":"<p>SOCIAL BODIES FILOMENA FORTES President of the Executive Committee Cape Verde JO\u00c3O COSTA ALEGRE Vice-President of the Executive Committee S\u00e3o Tom\u00e9 and Pr\u00edncipe S\u00c9rgio Man\u00e9 Vice-President of the Executive Committee Guinea-Bissau<\/p>","protected":false},"author":1,"featured_media":0,"parent":0,"menu_order":0,"comment_status":"closed","ping_status":"closed","template":"page-templates\/template-pagebuilder-full-width.php","meta":{"om_disable_all_campaigns":false,"_monsterinsights_skip_tracking":false,"_monsterinsights_sitenote_active":false,"_monsterinsights_sitenote_note":"","_monsterinsights_sitenote_category":0,"neve_meta_sidebar":"full-width","neve_meta_container":"","neve_meta_enable_content_width":"on","neve_meta_content_width":100,"neve_meta_title_alignment":"","neve_meta_author_avatar":"","neve_post_elements_order":"","neve_meta_disable_header":"","neve_meta_disable_footer":"","neve_meta_disable_title":"on","neve_meta_reading_time":"","_themeisle_gutenberg_block_has_review":false,"footnotes":""},"class_list":["post-96","page","type-page","status-publish","hentry"],"aioseo_notices":[],"_links":{"self":[{"href":"https:\/\/acolop.net\/en\/wp-json\/wp\/v2\/pages\/96","targetHints":{"allow":["GET"]}}],"collection":[{"href":"https:\/\/acolop.net\/en\/wp-json\/wp\/v2\/pages"}],"about":[{"href":"https:\/\/acolop.net\/en\/wp-json\/wp\/v2\/types\/page"}],"author":[{"embeddable":true,"href":"https:\/\/acolop.net\/en\/wp-json\/wp\/v2\/users\/1"}],"replies":[{"embeddable":true,"href":"https:\/\/acolop.net\/en\/wp-json\/wp\/v2\/comments?post=96"}],"version-history":[{"count":20,"href":"https:\/\/acolop.net\/en\/wp-json\/wp\/v2\/pages\/96\/revisions"}],"predecessor-version":[{"id":1617,"href":"https:\/\/acolop.net\/en\/wp-json\/wp\/v2\/pages\/96\/revisions\/1617"}],"wp:attachment":[{"href":"https:\/\/acolop.net\/en\/wp-json\/wp\/v2\/media?parent=96"}],"curies":[{"name":"wp","href":"https:\/\/api.w.org\/{rel}","templated":true}]}}